{"id":440,"date":"2025-09-09T09:31:56","date_gmt":"2025-09-09T09:31:56","guid":{"rendered":"https:\/\/artal.pruebasonline.es\/?page_id=440"},"modified":"2026-03-27T10:37:12","modified_gmt":"2026-03-27T10:37:12","slug":"historia","status":"publish","type":"page","link":"https:\/\/www.artal.net\/es\/historia\/","title":{"rendered":"Historia"},"content":{"rendered":"\t\t<div data-elementor-type=\"wp-page\" data-elementor-id=\"440\" class=\"elementor elementor-440\" data-elementor-post-type=\"page\">\n\t\t\t\t<div class=\"elementor-element elementor-element-474dbaf e-flex e-con-boxed e-con e-parent\" data-id=\"474dbaf\" data-element_type=\"container\" data-e-type=\"container\">\n\t\t\t\t\t<div class=\"e-con-inner\">\n\t\t<div class=\"elementor-element elementor-element-0561489 e-con-full e-flex e-con e-child\" data-id=\"0561489\" data-element_type=\"container\" data-e-type=\"container\" data-settings=\"{&quot;background_background&quot;:&quot;classic&quot;}\">\n\t\t\t\t<div class=\"elementor-element elementor-element-6986707 elementor-widget elementor-widget-heading\" data-id=\"6986707\" data-element_type=\"widget\" data-e-type=\"widget\" data-widget_type=\"heading.default\">\n\t\t\t\t\t<h1 class=\"elementor-heading-title elementor-size-default\">Historia<\/h1>\t\t\t\t<\/div>\n\t\t\t\t<\/div>\n\t\t<div class=\"elementor-element elementor-element-d6aad80 e-flex e-con-boxed e-con e-child\" data-id=\"d6aad80\" data-element_type=\"container\" data-e-type=\"container\">\n\t\t\t\t\t<div class=\"e-con-inner\">\n\t\t\t\t<div class=\"elementor-element elementor-element-d38fc2a elementor-widget elementor-widget-heading\" data-id=\"d38fc2a\" data-element_type=\"widget\" data-e-type=\"widget\" data-widget_type=\"heading.default\">\n\t\t\t\t\t<h2 class=\"elementor-heading-title elementor-size-default\">M\u00c1S DE UN SIGLO INNOVANDO EN AGRICULTURA <\/h2>\t\t\t\t<\/div>\n\t\t<div class=\"elementor-element elementor-element-f57d7aa e-flex e-con-boxed e-con e-child\" data-id=\"f57d7aa\" data-element_type=\"container\" data-e-type=\"container\">\n\t\t\t\t\t<div class=\"e-con-inner\">\n\t\t<div class=\"elementor-element elementor-element-9bb4834 e-con-full e-flex e-con e-child\" data-id=\"9bb4834\" data-element_type=\"container\" data-e-type=\"container\">\n\t\t\t\t<div class=\"elementor-element elementor-element-ffbdfe2 elementor-widget elementor-widget-image\" data-id=\"ffbdfe2\" data-element_type=\"widget\" data-e-type=\"widget\" data-widget_type=\"image.default\">\n\t\t\t\t\t\t\t\t\t\t\t\t\t\t\t<img fetchpriority=\"high\" decoding=\"async\" width=\"800\" height=\"969\" src=\"https:\/\/www.artal.net\/wp-content\/uploads\/2025\/09\/franciso-artal-del-tormo-2-1.png\" class=\"attachment-large size-large wp-image-443\" alt=\"Francisco Artal del Tormo\" srcset=\"https:\/\/www.artal.net\/wp-content\/uploads\/2025\/09\/franciso-artal-del-tormo-2-1.png 806w, https:\/\/www.artal.net\/wp-content\/uploads\/2025\/09\/franciso-artal-del-tormo-2-1-248x300.png 248w, https:\/\/www.artal.net\/wp-content\/uploads\/2025\/09\/franciso-artal-del-tormo-2-1-768x930.png 768w\" sizes=\"(max-width: 800px) 100vw, 800px\" \/>\t\t\t\t\t\t\t\t\t\t\t\t\t\t\t<\/div>\n\t\t\t\t<\/div>\n\t\t<div class=\"elementor-element elementor-element-6e2a388 e-con-full e-flex e-con e-child\" data-id=\"6e2a388\" data-element_type=\"container\" data-e-type=\"container\">\n\t\t\t\t<div class=\"elementor-element elementor-element-1a2556c elementor-widget elementor-widget-heading\" data-id=\"1a2556c\" data-element_type=\"widget\" data-e-type=\"widget\" data-widget_type=\"heading.default\">\n\t\t\t\t\t<h2 class=\"elementor-heading-title elementor-size-default\">Francisco Artal&nbsp;Tormo<\/h2>\t\t\t\t<\/div>\n\t\t\t\t<div class=\"elementor-element elementor-element-8972ded elementor-widget elementor-widget-text-editor\" data-id=\"8972ded\" data-element_type=\"widget\" data-e-type=\"widget\" data-widget_type=\"text-editor.default\">\n\t\t\t\t\t\t\t\t\t<p class=\"p1\">Nuestro fundador, Francisco R. Artal Tormo, instal\u00f3 el primer almac\u00e9n en la calle de Los Toneleros de Valencia y posteriormente su f\u00e1brica de abonos org\u00e1nicos en las afueras de la ciudad. Siguiendo sus pasos, su hijo Francisco Artal Villanueva ampli\u00f3 y moderniz\u00f3 la f\u00e1brica, produciendo adem\u00e1s abonos compuestos y organo-minerales.<\/p>\t\t\t\t\t\t\t\t<\/div>\n\t\t\t\t<\/div>\n\t\t\t\t\t<\/div>\n\t\t\t\t<\/div>\n\t\t\t\t\t<\/div>\n\t\t\t\t<\/div>\n\t\t<div class=\"elementor-element elementor-element-a526943 e-flex e-con-boxed e-con e-child\" data-id=\"a526943\" data-element_type=\"container\" data-e-type=\"container\">\n\t\t\t\t\t<div class=\"e-con-inner\">\n\t\t<div class=\"elementor-element elementor-element-a1ab93b e-con-full e-flex e-con e-child\" data-id=\"a1ab93b\" data-element_type=\"container\" data-e-type=\"container\">\n\t\t<div class=\"elementor-element elementor-element-3e127d5 e-con-full e-flex e-con e-child\" data-id=\"3e127d5\" data-element_type=\"container\" data-e-type=\"container\">\n\t\t\t\t<div class=\"elementor-element elementor-element-ac19446 elementor-widget elementor-widget-image\" data-id=\"ac19446\" data-element_type=\"widget\" data-e-type=\"widget\" data-widget_type=\"image.default\">\n\t\t\t\t\t\t\t\t\t\t\t\t\t\t\t<img decoding=\"async\" width=\"592\" height=\"712\" src=\"https:\/\/www.artal.net\/wp-content\/uploads\/2025\/09\/Rectangle-57.png\" class=\"attachment-full size-full wp-image-449\" alt=\"Foto trabajador de Artal\" srcset=\"https:\/\/www.artal.net\/wp-content\/uploads\/2025\/09\/Rectangle-57.png 592w, https:\/\/www.artal.net\/wp-content\/uploads\/2025\/09\/Rectangle-57-249x300.png 249w\" sizes=\"(max-width: 592px) 100vw, 592px\" \/>\t\t\t\t\t\t\t\t\t\t\t\t\t\t\t<\/div>\n\t\t\t\t<div class=\"elementor-element elementor-element-fca490a elementor-widget elementor-widget-heading\" data-id=\"fca490a\" data-element_type=\"widget\" data-e-type=\"widget\" data-widget_type=\"heading.default\">\n\t\t\t\t\t<h2 class=\"elementor-heading-title elementor-size-default\">2\u00aa GENERACI\u00d3N<\/h2>\t\t\t\t<\/div>\n\t\t\t\t<div class=\"elementor-element elementor-element-c29a4cf elementor-widget elementor-widget-heading\" data-id=\"c29a4cf\" data-element_type=\"widget\" data-e-type=\"widget\" data-widget_type=\"heading.default\">\n\t\t\t\t\t<h2 class=\"elementor-heading-title elementor-size-default\">Francisco Artal <br>\nVillanueva<\/h2>\t\t\t\t<\/div>\n\t\t\t\t<\/div>\n\t\t<div class=\"elementor-element elementor-element-8879b2f e-con-full e-flex e-con e-child\" data-id=\"8879b2f\" data-element_type=\"container\" data-e-type=\"container\">\n\t\t\t\t<div class=\"elementor-element elementor-element-392bab5 elementor-widget elementor-widget-image\" data-id=\"392bab5\" data-element_type=\"widget\" data-e-type=\"widget\" data-widget_type=\"image.default\">\n\t\t\t\t\t\t\t\t\t\t\t\t\t\t\t<img decoding=\"async\" width=\"592\" height=\"712\" src=\"https:\/\/www.artal.net\/wp-content\/uploads\/2025\/09\/Rectangle-58.png\" class=\"attachment-large size-large wp-image-448\" alt=\"Foto trabajador de Artal\" srcset=\"https:\/\/www.artal.net\/wp-content\/uploads\/2025\/09\/Rectangle-58.png 592w, https:\/\/www.artal.net\/wp-content\/uploads\/2025\/09\/Rectangle-58-249x300.png 249w\" sizes=\"(max-width: 592px) 100vw, 592px\" \/>\t\t\t\t\t\t\t\t\t\t\t\t\t\t\t<\/div>\n\t\t\t\t<div class=\"elementor-element elementor-element-56a49dc elementor-widget elementor-widget-heading\" data-id=\"56a49dc\" data-element_type=\"widget\" data-e-type=\"widget\" data-widget_type=\"heading.default\">\n\t\t\t\t\t<h2 class=\"elementor-heading-title elementor-size-default\">3\u00aa GENERACI\u00d3N<\/h2>\t\t\t\t<\/div>\n\t\t\t\t<div class=\"elementor-element elementor-element-06e916d elementor-widget elementor-widget-heading\" data-id=\"06e916d\" data-element_type=\"widget\" data-e-type=\"widget\" data-widget_type=\"heading.default\">\n\t\t\t\t\t<h2 class=\"elementor-heading-title elementor-size-default\">Francisco Artal\u00a0<br>\nSuch<\/h2>\t\t\t\t<\/div>\n\t\t\t\t<\/div>\n\t\t<div class=\"elementor-element elementor-element-97eb13a e-con-full e-flex e-con e-child\" data-id=\"97eb13a\" data-element_type=\"container\" data-e-type=\"container\">\n\t\t\t\t<div class=\"elementor-element elementor-element-d8c2d81 elementor-widget elementor-widget-image\" data-id=\"d8c2d81\" data-element_type=\"widget\" data-e-type=\"widget\" data-widget_type=\"image.default\">\n\t\t\t\t\t\t\t\t\t\t\t\t\t\t\t<img loading=\"lazy\" decoding=\"async\" width=\"592\" height=\"712\" src=\"https:\/\/www.artal.net\/wp-content\/uploads\/2025\/09\/Rectangle-59.png\" class=\"attachment-large size-large wp-image-447\" alt=\"Foto trabajador de Artal\" srcset=\"https:\/\/www.artal.net\/wp-content\/uploads\/2025\/09\/Rectangle-59.png 592w, https:\/\/www.artal.net\/wp-content\/uploads\/2025\/09\/Rectangle-59-249x300.png 249w\" sizes=\"(max-width: 592px) 100vw, 592px\" \/>\t\t\t\t\t\t\t\t\t\t\t\t\t\t\t<\/div>\n\t\t\t\t<div class=\"elementor-element elementor-element-2d2e36c elementor-widget elementor-widget-heading\" data-id=\"2d2e36c\" data-element_type=\"widget\" data-e-type=\"widget\" data-widget_type=\"heading.default\">\n\t\t\t\t\t<h2 class=\"elementor-heading-title elementor-size-default\">4\u00aa GENERACI\u00d3N<\/h2>\t\t\t\t<\/div>\n\t\t\t\t<div class=\"elementor-element elementor-element-2aa5a5b elementor-widget elementor-widget-heading\" data-id=\"2aa5a5b\" data-element_type=\"widget\" data-e-type=\"widget\" data-widget_type=\"heading.default\">\n\t\t\t\t\t<h2 class=\"elementor-heading-title elementor-size-default\">Francisco Artal\u00a0<br>\nHuerta<\/h2>\t\t\t\t<\/div>\n\t\t\t\t<\/div>\n\t\t<div class=\"elementor-element elementor-element-1739564 e-con-full e-flex e-con e-child\" data-id=\"1739564\" data-element_type=\"container\" data-e-type=\"container\">\n\t\t\t\t<div class=\"elementor-element elementor-element-60505ad elementor-widget elementor-widget-image\" data-id=\"60505ad\" data-element_type=\"widget\" data-e-type=\"widget\" data-widget_type=\"image.default\">\n\t\t\t\t\t\t\t\t\t\t\t\t\t\t\t<img loading=\"lazy\" decoding=\"async\" width=\"592\" height=\"712\" src=\"https:\/\/www.artal.net\/wp-content\/uploads\/2025\/09\/Rectangle-60.png\" class=\"attachment-large size-large wp-image-446\" alt=\"foto de Juan Artal\" srcset=\"https:\/\/www.artal.net\/wp-content\/uploads\/2025\/09\/Rectangle-60.png 592w, https:\/\/www.artal.net\/wp-content\/uploads\/2025\/09\/Rectangle-60-249x300.png 249w\" sizes=\"(max-width: 592px) 100vw, 592px\" \/>\t\t\t\t\t\t\t\t\t\t\t\t\t\t\t<\/div>\n\t\t\t\t<div class=\"elementor-element elementor-element-be56939 elementor-widget elementor-widget-heading\" data-id=\"be56939\" data-element_type=\"widget\" data-e-type=\"widget\" data-widget_type=\"heading.default\">\n\t\t\t\t\t<h2 class=\"elementor-heading-title elementor-size-default\">4\u00aa GENERACI\u00d3N<\/h2>\t\t\t\t<\/div>\n\t\t\t\t<div class=\"elementor-element elementor-element-162d219 elementor-widget elementor-widget-heading\" data-id=\"162d219\" data-element_type=\"widget\" data-e-type=\"widget\" data-widget_type=\"heading.default\">\n\t\t\t\t\t<h2 class=\"elementor-heading-title elementor-size-default\">Juan Artal\u00a0<br>\nHuerta<\/h2>\t\t\t\t<\/div>\n\t\t\t\t<\/div>\n\t\t\t\t<\/div>\n\t\t\t\t<div class=\"elementor-element elementor-element-0dd7f79 elementor-widget__width-initial elementor-widget elementor-widget-text-editor\" data-id=\"0dd7f79\" data-element_type=\"widget\" data-e-type=\"widget\" data-widget_type=\"text-editor.default\">\n\t\t\t\t\t\t\t\t\t<p class=\"p1\">En 1970, el nieto del fundador, Francisco R. Artal Such, empez\u00f3 con la fabricaci\u00f3n de abonos l\u00edquidos convirtiendo a Artal en la primera empresa fabricante de abonos l\u00edquidos de Espa\u00f1a.<\/p><p class=\"p1\">En 1986, construy\u00f3 las instalaciones actuales en el Pol\u00edgono Industrial Fuente del Jarro de Paterna (Valencia), donde la cuarta generaci\u00f3n de la familia Artal de la mano de Francisco y Juan Artal Huerta, contin\u00faa la labor iniciada por su bisabuelo, innovando y evolucionando ante las actuales necesidades del sector y desarrollando la expansi\u00f3n internacional de los productos Artal iniciada en la d\u00e9cada de los \u201890, posicionando a la empresa ARTAL Smart Agriculture como una empresa biotecnol\u00f3gica l\u00edder en el sector agro.<\/p>\t\t\t\t\t\t\t\t<\/div>\n\t\t\t\t\t<\/div>\n\t\t\t\t<\/div>\n\t\t<div class=\"elementor-element elementor-element-5babee0 e-con-full e-flex e-con e-child\" data-id=\"5babee0\" data-element_type=\"container\" data-e-type=\"container\" data-settings=\"{&quot;background_background&quot;:&quot;classic&quot;}\">\n\t\t\t\t<\/div>\n\t\t<div class=\"elementor-element elementor-element-a5e49c5 e-flex e-con-boxed e-con e-child\" data-id=\"a5e49c5\" data-element_type=\"container\" data-e-type=\"container\">\n\t\t\t\t\t<div class=\"e-con-inner\">\n\t\t\t\t<div class=\"elementor-element elementor-element-b83f5d1 elementor-widget elementor-widget-heading\" data-id=\"b83f5d1\" data-element_type=\"widget\" data-e-type=\"widget\" data-widget_type=\"heading.default\">\n\t\t\t\t\t<h2 class=\"elementor-heading-title elementor-size-default\">Empresa centenaria<\/h2>\t\t\t\t<\/div>\n\t\t\t\t<div class=\"elementor-element elementor-element-5a4b887 elementor-widget__width-initial elementor-widget elementor-widget-heading\" data-id=\"5a4b887\" data-element_type=\"widget\" data-e-type=\"widget\" data-widget_type=\"heading.default\">\n\t\t\t\t\t<h2 class=\"elementor-heading-title elementor-size-default\">Es un orgullo continuar con la labor que inici\u00f3 nuestra \nfamilia all\u00e1 por 1895<\/h2>\t\t\t\t<\/div>\n\t\t\t\t<div class=\"elementor-element elementor-element-dcc467d elementor-widget elementor-widget-text-editor\" data-id=\"dcc467d\" data-element_type=\"widget\" data-e-type=\"widget\" data-widget_type=\"text-editor.default\">\n\t\t\t\t\t\t\t\t\t<p class=\"p1\">S\u00f3lo una empresa llega a ser centenaria por haber sabido leer los tiempos que cada generaci\u00f3n vivi\u00f3. Esto es cumplir a lo largo del tiempo con las EXPECTATIVAS que nuestros clientes depositaban sobre nosotros y habernos convertido en el socio preferente de muchos agricultores.<\/p><p class=\"p1\">Son muchos a\u00f1os y muchas historias personales las que dan forma a Artal.<\/p>\t\t\t\t\t\t\t\t<\/div>\n\t\t\t\t\t<\/div>\n\t\t\t\t<\/div>\n\t\t\t\t\t<\/div>\n\t\t\t\t<\/div>\n\t\t<div class=\"elementor-element elementor-element-eae8163 e-con-full e-flex e-con e-parent\" data-id=\"eae8163\" data-element_type=\"container\" data-e-type=\"container\">\n\t\t\t\t<div class=\"elementor-element elementor-element-721e820 elementor-widget elementor-widget-heading\" data-id=\"721e820\" data-element_type=\"widget\" data-e-type=\"widget\" data-widget_type=\"heading.default\">\n\t\t\t\t\t<h2 class=\"elementor-heading-title elementor-size-default\">CADA PRODUCTO QUE DESARROLLAMOS <br> EST\u00c1 BASADO EN LA CIENCIA<\/h2>\t\t\t\t<\/div>\n\t\t\t\t<div class=\"elementor-element elementor-element-dd194a4 elementor-widget__width-initial elementor-widget elementor-widget-heading\" data-id=\"dd194a4\" data-element_type=\"widget\" data-e-type=\"widget\" data-widget_type=\"heading.default\">\n\t\t\t\t\t<h2 class=\"elementor-heading-title elementor-size-default\">CON LA MIRADA PUESTA EN EL FUTURO Y UN OBJETIVO CLARO: PRODUCIR DE FORMA SEGURA, SOSTENIBLE Y ALTAMENTE PRODUCTIVA\n\n<\/h2>\t\t\t\t<\/div>\n\t\t\t\t<div class=\"elementor-element elementor-element-18fa778 elementor-widget elementor-widget-spacer\" data-id=\"18fa778\" data-element_type=\"widget\" data-e-type=\"widget\" data-widget_type=\"spacer.default\">\n\t\t\t\t\t\t\t<div class=\"elementor-spacer\">\n\t\t\t<div class=\"elementor-spacer-inner\"><\/div>\n\t\t<\/div>\n\t\t\t\t\t\t<\/div>\n\t\t\t\t<\/div>\n\t\t\t\t<\/div>\n\t\t","protected":false},"excerpt":{"rendered":"<p>Historia M\u00c1S DE UN SIGLO INNOVANDO EN AGRICULTURA Francisco Artal&nbsp;Tormo Nuestro fundador, Francisco R. Artal Tormo, instal\u00f3 el primer almac\u00e9n en la calle de Los Toneleros de Valencia y posteriormente su f\u00e1brica de abonos org\u00e1nicos en las afueras de la ciudad. Siguiendo sus pasos, su hijo Francisco Artal Villanueva ampli\u00f3 y moderniz\u00f3 la f\u00e1brica, produciendo [&hellip;]<\/p>\n","protected":false},"author":1,"featured_media":0,"parent":0,"menu_order":0,"comment_status":"closed","ping_status":"closed","template":"","meta":{"_acf_changed":false,"footnotes":""},"class_list":["post-440","page","type-page","status-publish","hentry"],"acf":[],"yoast_head":"<!-- This site is optimized with the Yoast SEO plugin v27.5 - https:\/\/yoast.com\/product\/yoast-seo-wordpress\/ -->\n<title>Historia - ARTAL Smart Agriculture<\/title>\n<meta name=\"description\" content=\"M\u00e1s de 125 a\u00f1os de innovaci\u00f3n respaldan la historia de Artal. Una trayectoria marcada por la investigaci\u00f3n y la sostenibilidad agr\u00edcola.\" \/>\n<meta name=\"robots\" content=\"index, follow, max-snippet:-1, max-image-preview:large, max-video-preview:-1\" \/>\n<link rel=\"canonical\" href=\"https:\/\/www.artal.net\/es\/historia\/\" \/>\n<meta property=\"og:locale\" content=\"es_ES\" \/>\n<meta property=\"og:type\" content=\"article\" \/>\n<meta property=\"og:title\" content=\"Historia - ARTAL Smart Agriculture\" \/>\n<meta property=\"og:description\" content=\"M\u00e1s de 125 a\u00f1os de innovaci\u00f3n respaldan la historia de Artal. Una trayectoria marcada por la investigaci\u00f3n y la sostenibilidad agr\u00edcola.\" \/>\n<meta property=\"og:url\" content=\"https:\/\/www.artal.net\/es\/historia\/\" \/>\n<meta property=\"og:site_name\" content=\"ARTAL Smart Agriculture\" \/>\n<meta property=\"article:publisher\" content=\"https:\/\/www.facebook.com\/ArtalSmartAgriculture\/\" \/>\n<meta property=\"article:modified_time\" content=\"2026-03-27T10:37:12+00:00\" \/>\n<meta property=\"og:image\" content=\"https:\/\/www.artal.net\/wp-content\/uploads\/2025\/09\/franciso-artal-del-tormo-2-1.png\" \/>\n\t<meta property=\"og:image:width\" content=\"806\" \/>\n\t<meta property=\"og:image:height\" content=\"976\" \/>\n\t<meta property=\"og:image:type\" content=\"image\/png\" \/>\n<meta name=\"twitter:card\" content=\"summary_large_image\" \/>\n<meta name=\"twitter:label1\" content=\"Tiempo de lectura\" \/>\n\t<meta name=\"twitter:data1\" content=\"2 minutos\" \/>\n<script type=\"application\/ld+json\" class=\"yoast-schema-graph\">{\"@context\":\"https:\\\/\\\/schema.org\",\"@graph\":[{\"@type\":\"WebPage\",\"@id\":\"https:\\\/\\\/www.artal.net\\\/es\\\/historia\\\/\",\"url\":\"https:\\\/\\\/www.artal.net\\\/es\\\/historia\\\/\",\"name\":\"Historia - ARTAL Smart Agriculture\",\"isPartOf\":{\"@id\":\"https:\\\/\\\/www.artal.net\\\/es\\\/#website\"},\"primaryImageOfPage\":{\"@id\":\"https:\\\/\\\/www.artal.net\\\/es\\\/historia\\\/#primaryimage\"},\"image\":{\"@id\":\"https:\\\/\\\/www.artal.net\\\/es\\\/historia\\\/#primaryimage\"},\"thumbnailUrl\":\"https:\\\/\\\/www.artal.net\\\/wp-content\\\/uploads\\\/2025\\\/09\\\/franciso-artal-del-tormo-2-1.png\",\"datePublished\":\"2025-09-09T09:31:56+00:00\",\"dateModified\":\"2026-03-27T10:37:12+00:00\",\"description\":\"M\u00e1s de 125 a\u00f1os de innovaci\u00f3n respaldan la historia de Artal. Una trayectoria marcada por la investigaci\u00f3n y la sostenibilidad agr\u00edcola.\",\"breadcrumb\":{\"@id\":\"https:\\\/\\\/www.artal.net\\\/es\\\/historia\\\/#breadcrumb\"},\"inLanguage\":\"es\",\"potentialAction\":[{\"@type\":\"ReadAction\",\"target\":[\"https:\\\/\\\/www.artal.net\\\/es\\\/historia\\\/\"]}]},{\"@type\":\"ImageObject\",\"inLanguage\":\"es\",\"@id\":\"https:\\\/\\\/www.artal.net\\\/es\\\/historia\\\/#primaryimage\",\"url\":\"https:\\\/\\\/www.artal.net\\\/wp-content\\\/uploads\\\/2025\\\/09\\\/franciso-artal-del-tormo-2-1.png\",\"contentUrl\":\"https:\\\/\\\/www.artal.net\\\/wp-content\\\/uploads\\\/2025\\\/09\\\/franciso-artal-del-tormo-2-1.png\"},{\"@type\":\"BreadcrumbList\",\"@id\":\"https:\\\/\\\/www.artal.net\\\/es\\\/historia\\\/#breadcrumb\",\"itemListElement\":[{\"@type\":\"ListItem\",\"position\":1,\"name\":\"Portada\",\"item\":\"https:\\\/\\\/www.artal.net\\\/es\\\/\"},{\"@type\":\"ListItem\",\"position\":2,\"name\":\"Historia\"}]},{\"@type\":\"WebSite\",\"@id\":\"https:\\\/\\\/www.artal.net\\\/es\\\/#website\",\"url\":\"https:\\\/\\\/www.artal.net\\\/es\\\/\",\"name\":\"ARTAL Smart Agriculture\",\"description\":\"Empresa y fabricante de fertilizantes l\u00edquidos y org\u00e1nicos para la agricultura\",\"publisher\":{\"@id\":\"https:\\\/\\\/www.artal.net\\\/es\\\/#organization\"},\"potentialAction\":[{\"@type\":\"SearchAction\",\"target\":{\"@type\":\"EntryPoint\",\"urlTemplate\":\"https:\\\/\\\/www.artal.net\\\/es\\\/?s={search_term_string}\"},\"query-input\":{\"@type\":\"PropertyValueSpecification\",\"valueRequired\":true,\"valueName\":\"search_term_string\"}}],\"inLanguage\":\"es\"},{\"@type\":\"Organization\",\"@id\":\"https:\\\/\\\/www.artal.net\\\/es\\\/#organization\",\"name\":\"ARTAL Smart Agriculture\",\"url\":\"https:\\\/\\\/www.artal.net\\\/es\\\/\",\"logo\":{\"@type\":\"ImageObject\",\"inLanguage\":\"es\",\"@id\":\"https:\\\/\\\/www.artal.net\\\/es\\\/#\\\/schema\\\/logo\\\/image\\\/\",\"url\":\"https:\\\/\\\/www.artal.net\\\/wp-content\\\/uploads\\\/2025\\\/09\\\/artal-logo.png\",\"contentUrl\":\"https:\\\/\\\/www.artal.net\\\/wp-content\\\/uploads\\\/2025\\\/09\\\/artal-logo.png\",\"width\":1062,\"height\":525,\"caption\":\"ARTAL Smart Agriculture\"},\"image\":{\"@id\":\"https:\\\/\\\/www.artal.net\\\/es\\\/#\\\/schema\\\/logo\\\/image\\\/\"},\"sameAs\":[\"https:\\\/\\\/www.facebook.com\\\/ArtalSmartAgriculture\\\/\",\"https:\\\/\\\/www.youtube.com\\\/channel\\\/UCd_FVIbacOAp2mI_0Q-J4UA\"]}]}<\/script>\n<!-- \/ Yoast SEO plugin. -->","yoast_head_json":{"title":"Historia - ARTAL Smart Agriculture","description":"M\u00e1s de 125 a\u00f1os de innovaci\u00f3n respaldan la historia de Artal. Una trayectoria marcada por la investigaci\u00f3n y la sostenibilidad agr\u00edcola.","robots":{"index":"index","follow":"follow","max-snippet":"max-snippet:-1","max-image-preview":"max-image-preview:large","max-video-preview":"max-video-preview:-1"},"canonical":"https:\/\/www.artal.net\/es\/historia\/","og_locale":"es_ES","og_type":"article","og_title":"Historia - ARTAL Smart Agriculture","og_description":"M\u00e1s de 125 a\u00f1os de innovaci\u00f3n respaldan la historia de Artal. Una trayectoria marcada por la investigaci\u00f3n y la sostenibilidad agr\u00edcola.","og_url":"https:\/\/www.artal.net\/es\/historia\/","og_site_name":"ARTAL Smart Agriculture","article_publisher":"https:\/\/www.facebook.com\/ArtalSmartAgriculture\/","article_modified_time":"2026-03-27T10:37:12+00:00","og_image":[{"width":806,"height":976,"url":"https:\/\/www.artal.net\/wp-content\/uploads\/2025\/09\/franciso-artal-del-tormo-2-1.png","type":"image\/png"}],"twitter_card":"summary_large_image","twitter_misc":{"Tiempo de lectura":"2 minutos"},"schema":{"@context":"https:\/\/schema.org","@graph":[{"@type":"WebPage","@id":"https:\/\/www.artal.net\/es\/historia\/","url":"https:\/\/www.artal.net\/es\/historia\/","name":"Historia - ARTAL Smart Agriculture","isPartOf":{"@id":"https:\/\/www.artal.net\/es\/#website"},"primaryImageOfPage":{"@id":"https:\/\/www.artal.net\/es\/historia\/#primaryimage"},"image":{"@id":"https:\/\/www.artal.net\/es\/historia\/#primaryimage"},"thumbnailUrl":"https:\/\/www.artal.net\/wp-content\/uploads\/2025\/09\/franciso-artal-del-tormo-2-1.png","datePublished":"2025-09-09T09:31:56+00:00","dateModified":"2026-03-27T10:37:12+00:00","description":"M\u00e1s de 125 a\u00f1os de innovaci\u00f3n respaldan la historia de Artal. Una trayectoria marcada por la investigaci\u00f3n y la sostenibilidad agr\u00edcola.","breadcrumb":{"@id":"https:\/\/www.artal.net\/es\/historia\/#breadcrumb"},"inLanguage":"es","potentialAction":[{"@type":"ReadAction","target":["https:\/\/www.artal.net\/es\/historia\/"]}]},{"@type":"ImageObject","inLanguage":"es","@id":"https:\/\/www.artal.net\/es\/historia\/#primaryimage","url":"https:\/\/www.artal.net\/wp-content\/uploads\/2025\/09\/franciso-artal-del-tormo-2-1.png","contentUrl":"https:\/\/www.artal.net\/wp-content\/uploads\/2025\/09\/franciso-artal-del-tormo-2-1.png"},{"@type":"BreadcrumbList","@id":"https:\/\/www.artal.net\/es\/historia\/#breadcrumb","itemListElement":[{"@type":"ListItem","position":1,"name":"Portada","item":"https:\/\/www.artal.net\/es\/"},{"@type":"ListItem","position":2,"name":"Historia"}]},{"@type":"WebSite","@id":"https:\/\/www.artal.net\/es\/#website","url":"https:\/\/www.artal.net\/es\/","name":"ARTAL Smart Agriculture","description":"Empresa y fabricante de fertilizantes l\u00edquidos y org\u00e1nicos para la agricultura","publisher":{"@id":"https:\/\/www.artal.net\/es\/#organization"},"potentialAction":[{"@type":"SearchAction","target":{"@type":"EntryPoint","urlTemplate":"https:\/\/www.artal.net\/es\/?s={search_term_string}"},"query-input":{"@type":"PropertyValueSpecification","valueRequired":true,"valueName":"search_term_string"}}],"inLanguage":"es"},{"@type":"Organization","@id":"https:\/\/www.artal.net\/es\/#organization","name":"ARTAL Smart Agriculture","url":"https:\/\/www.artal.net\/es\/","logo":{"@type":"ImageObject","inLanguage":"es","@id":"https:\/\/www.artal.net\/es\/#\/schema\/logo\/image\/","url":"https:\/\/www.artal.net\/wp-content\/uploads\/2025\/09\/artal-logo.png","contentUrl":"https:\/\/www.artal.net\/wp-content\/uploads\/2025\/09\/artal-logo.png","width":1062,"height":525,"caption":"ARTAL Smart Agriculture"},"image":{"@id":"https:\/\/www.artal.net\/es\/#\/schema\/logo\/image\/"},"sameAs":["https:\/\/www.facebook.com\/ArtalSmartAgriculture\/","https:\/\/www.youtube.com\/channel\/UCd_FVIbacOAp2mI_0Q-J4UA"]}]}},"_links":{"self":[{"href":"https:\/\/www.artal.net\/es\/wp-json\/wp\/v2\/pages\/440","targetHints":{"allow":["GET"]}}],"collection":[{"href":"https:\/\/www.artal.net\/es\/wp-json\/wp\/v2\/pages"}],"about":[{"href":"https:\/\/www.artal.net\/es\/wp-json\/wp\/v2\/types\/page"}],"author":[{"embeddable":true,"href":"https:\/\/www.artal.net\/es\/wp-json\/wp\/v2\/users\/1"}],"replies":[{"embeddable":true,"href":"https:\/\/www.artal.net\/es\/wp-json\/wp\/v2\/comments?post=440"}],"version-history":[{"count":29,"href":"https:\/\/www.artal.net\/es\/wp-json\/wp\/v2\/pages\/440\/revisions"}],"predecessor-version":[{"id":31938,"href":"https:\/\/www.artal.net\/es\/wp-json\/wp\/v2\/pages\/440\/revisions\/31938"}],"wp:attachment":[{"href":"https:\/\/www.artal.net\/es\/wp-json\/wp\/v2\/media?parent=440"}],"curies":[{"name":"wp","href":"https:\/\/api.w.org\/{rel}","templated":true}]}}